{"id":26,"date":"2023-06-05T14:59:05","date_gmt":"2023-06-05T12:59:05","guid":{"rendered":"http:\/\/haloryp.fr\/?page_id=26"},"modified":"2024-10-09T09:27:23","modified_gmt":"2024-10-09T07:27:23","slug":"page-print-porfolio-halory-p-graphiste","status":"publish","type":"page","link":"https:\/\/haloryp.fr\/?page_id=26","title":{"rendered":"Editorial &#038; print"},"content":{"rendered":"<section data-settings=\"{&quot;layout&quot;:&quot;masonry&quot;,&quot;columns_desktop&quot;:&quot;2&quot;,&quot;gutter_hr&quot;:10,&quot;gutter_hr_mobile&quot;:10,&quot;gutter_hr_mobile_extra&quot;:10,&quot;gutter_hr_tablet&quot;:10,&quot;gutter_hr_tablet_extra&quot;:10,&quot;gutter_hr_laptop&quot;:10,&quot;gutter_hr_widescreen&quot;:10,&quot;gutter_vr&quot;:10,&quot;gutter_vr_mobile&quot;:10,&quot;gutter_vr_mobile_extra&quot;:10,&quot;gutter_vr_tablet&quot;:10,&quot;gutter_vr_tablet_extra&quot;:10,&quot;gutter_vr_laptop&quot;:10,&quot;gutter_vr_widescreen&quot;:10,&quot;animation&quot;:&quot;zoom&quot;,&quot;animation_duration&quot;:0.3,&quot;animation_delay&quot;:0.1,&quot;deeplinking&quot;:&quot;&quot;,&quot;filters_default_filter&quot;:&quot;&quot;,&quot;filters_linkable&quot;:&quot;no&quot;,&quot;filters_count&quot;:&quot;&quot;,&quot;filters_hide_empty&quot;:&quot;no&quot;,&quot;filters_animation&quot;:&quot;default&quot;,&quot;filters_animation_duration&quot;:0.3,&quot;filters_animation_delay&quot;:0.1,&quot;pagination_type&quot;:&quot;default&quot;,&quot;pagination_max_pages&quot;:1,&quot;lightbox&quot;:{&quot;selector&quot;:&quot;.wpr-grid-image-wrap&quot;,&quot;iframeMaxWidth&quot;:&quot;60%&quot;,&quot;hash&quot;:false,&quot;autoplay&quot;:&quot;&quot;,&quot;pause&quot;:5000,&quot;progressBar&quot;:&quot;true&quot;,&quot;counter&quot;:&quot;&quot;,&quot;controls&quot;:&quot;true&quot;,&quot;getCaptionFromTitleOrAlt&quot;:&quot;&quot;,&quot;thumbnail&quot;:&quot;&quot;,&quot;showThumbByDefault&quot;:&quot;&quot;,&quot;share&quot;:&quot;&quot;,&quot;zoom&quot;:&quot;true&quot;,&quot;fullScreen&quot;:&quot;&quot;,&quot;download&quot;:&quot;true&quot;}}\">\n<article><img decoding=\"async\" src=\"https:\/\/haloryp.fr\/wp-content\/uploads\/2023\/06\/04_MockUp_Print_1-scaled.webp\" alt=\"Mock up carte des menus HIPSTER\"><\/article>\n<article><img decoding=\"async\" src=\"https:\/\/haloryp.fr\/wp-content\/uploads\/2023\/06\/04_MockUp_Print_5-1.webp\" alt=\"Mock up affiche publicitaire Antic Lan 2\"><\/article>\n<article><img decoding=\"async\" src=\"https:\/\/haloryp.fr\/wp-content\/uploads\/2023\/06\/04_MockUp_Print_2-scaled.webp\" alt=\"Mock up livre cinquantenaire GIS3\"><\/article>\n<article><img decoding=\"async\" src=\"https:\/\/haloryp.fr\/wp-content\/uploads\/2023\/06\/04_MockUp_Print_3-scaled.webp\" alt=\"Mock up cartes \u00e0 jouer LOTR\"><\/article>\n<article><img decoding=\"async\" src=\"https:\/\/haloryp.fr\/wp-content\/uploads\/2023\/06\/02_MockUp_Poster_5-1.webp\" alt=\"Mock up Affiche publicitaire projet fictif HIPSTER\"><\/article>\n<article><img decoding=\"async\" src=\"https:\/\/haloryp.fr\/wp-content\/uploads\/2023\/06\/04_MockUp_Print_4-scaled.webp\" alt=\"Mock up brochure BSPP GIS3\"><\/article>\n<article><img decoding=\"async\" src=\"https:\/\/haloryp.fr\/wp-content\/uploads\/2024\/10\/P49-PubliHebdosPubs.jpg\" alt=\"P49-PubliHebdosPubs\"><\/article>\n<article><img decoding=\"async\" src=\"https:\/\/haloryp.fr\/wp-content\/uploads\/2024\/10\/P50-LaCharbonnerieDepliant.jpg\" alt=\"P50-LaCharbonnerieDepliant\"><\/article>\n<article><img decoding=\"async\" src=\"https:\/\/haloryp.fr\/wp-content\/uploads\/2024\/10\/P50-RealizePlaquette.jpg\" alt=\"P50-RealizePlaquette\"><\/article>\n<article><img decoding=\"async\" src=\"https:\/\/haloryp.fr\/wp-content\/uploads\/2024\/10\/P48-PubliHebdosPagesSpeciales.jpg\" alt=\"P48-PubliHebdosPagesSpeciales\"><\/article>\n<article><img decoding=\"async\" src=\"https:\/\/haloryp.fr\/wp-content\/uploads\/2024\/10\/P48-PubliHebdosPublireportages.jpg\" alt=\"P48-PubliHebdosPublireportages\"><\/article>\n<\/section>\n<h2>EDITORIAL &amp; PRINT<\/h2>\n<p>Des designs percutants qui donnent vie aux marques. Des cr\u00e9ations uniques et coh\u00e9rentes pour une communication efficace. Aider les entreprises et toute entit\u00e9 \u00e0 se d\u00e9marquer avec des logotypes m\u00e9morables et une identit\u00e9 visuelle forte.<\/p>\n","protected":false},"excerpt":{"rendered":"<p>EDITORIAL &amp; PRINT Des designs percutants qui donnent vie aux marques. Des cr\u00e9ations uniques et coh\u00e9rentes pour une communication efficace. Aider les entreprises et toute entit\u00e9 \u00e0 se d\u00e9marquer avec des logotypes m\u00e9morables et une identit\u00e9 visuelle forte.<\/p>\n","protected":false},"author":1,"featured_media":0,"parent":0,"menu_order":0,"comment_status":"closed","ping_status":"closed","template":"","meta":{"inline_featured_image":false,"footnotes":""},"class_list":["post-26","page","type-page","status-publish","hentry"],"_links":{"self":[{"href":"https:\/\/haloryp.fr\/index.php?rest_route=\/wp\/v2\/pages\/26","targetHints":{"allow":["GET"]}}],"collection":[{"href":"https:\/\/haloryp.fr\/index.php?rest_route=\/wp\/v2\/pages"}],"about":[{"href":"https:\/\/haloryp.fr\/index.php?rest_route=\/wp\/v2\/types\/page"}],"author":[{"embeddable":true,"href":"https:\/\/haloryp.fr\/index.php?rest_route=\/wp\/v2\/users\/1"}],"replies":[{"embeddable":true,"href":"https:\/\/haloryp.fr\/index.php?rest_route=%2Fwp%2Fv2%2Fcomments&post=26"}],"version-history":[{"count":14,"href":"https:\/\/haloryp.fr\/index.php?rest_route=\/wp\/v2\/pages\/26\/revisions"}],"predecessor-version":[{"id":881,"href":"https:\/\/haloryp.fr\/index.php?rest_route=\/wp\/v2\/pages\/26\/revisions\/881"}],"wp:attachment":[{"href":"https:\/\/haloryp.fr\/index.php?rest_route=%2Fwp%2Fv2%2Fmedia&parent=26"}],"curies":[{"name":"wp","href":"https:\/\/api.w.org\/{rel}","templated":true}]}}